{"id":635,"date":"2020-05-16T13:34:35","date_gmt":"2020-05-16T11:34:35","guid":{"rendered":"https:\/\/stefaniacogliandro.wabbaster.com\/?page_id=635"},"modified":"2022-02-24T19:26:42","modified_gmt":"2022-02-24T18:26:42","slug":"lavori-per-universita","status":"publish","type":"page","link":"https:\/\/stefaniacogliandro.wabbaster.com\/en\/lavori-per-universita\/","title":{"rendered":"per l&#8217;universit\u00e0"},"content":{"rendered":"<p>Devi effettuare l'accesso per poter vedere questo contenuto.<\/p>","protected":false},"excerpt":{"rendered":"<p>Devi effettuare l&#8217;accesso per poter vedere questo contenuto.<\/p>","protected":false},"author":2,"featured_media":2468,"parent":0,"menu_order":0,"comment_status":"closed","ping_status":"closed","template":"","meta":{"footnotes":""},"class_list":["post-635","page","type-page","status-publish","has-post-thumbnail","hentry"],"yoast_head":"<!-- This site is optimized with the Yoast SEO plugin v23.5 - https:\/\/yoast.com\/wordpress\/plugins\/seo\/ -->\n<title>per l&#039;universit\u00e0 -<\/title>\n<meta name=\"description\" content=\"La realt\u00e0 che ci circonda \u00e8 meravigliosa e strana: sono qui per spiegarla con la scienza, con un linguaggio semplice, diretto e comprensibile a tutti, sen..\" \/>\n<meta name=\"robots\" content=\"index, follow, max-snippet:-1, max-image-preview:large, max-video-preview:-1\" \/>\n<link rel=\"canonical\" href=\"https:\/\/stefaniacogliandro.wabbaster.com\/en\/lavori-per-universita\/\" \/>\n<meta property=\"og:locale\" content=\"en_GB\" \/>\n<meta property=\"og:type\" content=\"article\" \/>\n<meta property=\"og:title\" content=\"per l&#039;universit\u00e0 -\" \/>\n<meta property=\"og:description\" content=\"La realt\u00e0 che ci circonda \u00e8 meravigliosa e strana: sono qui per spiegarla con la scienza, con un linguaggio semplice, diretto e comprensibile a tutti, sen..\" \/>\n<meta property=\"og:url\" content=\"https:\/\/stefaniacogliandro.wabbaster.com\/en\/lavori-per-universita\/\" \/>\n<meta property=\"article:modified_time\" content=\"2022-02-24T18:26:42+00:00\" \/>\n<meta property=\"og:image\" content=\"https:\/\/stefaniacogliandro.wabbaster.com\/wp-content\/uploads\/2020\/07\/photo_2020-07-07_14-10-31.jpg\" \/>\n\t<meta property=\"og:image:width\" content=\"640\" \/>\n\t<meta property=\"og:image:height\" content=\"640\" \/>\n\t<meta property=\"og:image:type\" content=\"image\/jpeg\" \/>\n<meta name=\"twitter:card\" content=\"summary_large_image\" \/>\n<meta name=\"twitter:label1\" content=\"Est. reading time\" \/>\n\t<meta name=\"twitter:data1\" content=\"3 minutes\" \/>\n<script type=\"application\/ld+json\" class=\"yoast-schema-graph\">{\"@context\":\"https:\/\/schema.org\",\"@graph\":[{\"@type\":\"WebPage\",\"@id\":\"https:\/\/stefaniacogliandro.wabbaster.com\/lavori-per-universita\/\",\"url\":\"https:\/\/stefaniacogliandro.wabbaster.com\/lavori-per-universita\/\",\"name\":\"per l'universit\u00e0 -\",\"isPartOf\":{\"@id\":\"https:\/\/stefaniacogliandro.wabbaster.com\/#website\"},\"primaryImageOfPage\":{\"@id\":\"https:\/\/stefaniacogliandro.wabbaster.com\/lavori-per-universita\/#primaryimage\"},\"image\":{\"@id\":\"https:\/\/stefaniacogliandro.wabbaster.com\/lavori-per-universita\/#primaryimage\"},\"thumbnailUrl\":\"https:\/\/stefaniacogliandro.wabbaster.com\/wp-content\/uploads\/2020\/07\/photo_2020-07-07_14-10-31.jpg\",\"datePublished\":\"2020-05-16T11:34:35+00:00\",\"dateModified\":\"2022-02-24T18:26:42+00:00\",\"description\":\"La realt\u00e0 che ci circonda \u00e8 meravigliosa e strana: sono qui per spiegarla con la scienza, con un linguaggio semplice, diretto e comprensibile a tutti, sen..\",\"breadcrumb\":{\"@id\":\"https:\/\/stefaniacogliandro.wabbaster.com\/lavori-per-universita\/#breadcrumb\"},\"inLanguage\":\"en-GB\",\"potentialAction\":[{\"@type\":\"ReadAction\",\"target\":[\"https:\/\/stefaniacogliandro.wabbaster.com\/lavori-per-universita\/\"]}]},{\"@type\":\"ImageObject\",\"inLanguage\":\"en-GB\",\"@id\":\"https:\/\/stefaniacogliandro.wabbaster.com\/lavori-per-universita\/#primaryimage\",\"url\":\"https:\/\/stefaniacogliandro.wabbaster.com\/wp-content\/uploads\/2020\/07\/photo_2020-07-07_14-10-31.jpg\",\"contentUrl\":\"https:\/\/stefaniacogliandro.wabbaster.com\/wp-content\/uploads\/2020\/07\/photo_2020-07-07_14-10-31.jpg\",\"width\":640,\"height\":640},{\"@type\":\"BreadcrumbList\",\"@id\":\"https:\/\/stefaniacogliandro.wabbaster.com\/lavori-per-universita\/#breadcrumb\",\"itemListElement\":[{\"@type\":\"ListItem\",\"position\":1,\"name\":\"Home\",\"item\":\"https:\/\/stefaniacogliandro.wabbaster.com\/\"},{\"@type\":\"ListItem\",\"position\":2,\"name\":\"per l&#8217;universit\u00e0\"}]},{\"@type\":\"WebSite\",\"@id\":\"https:\/\/stefaniacogliandro.wabbaster.com\/#website\",\"url\":\"https:\/\/stefaniacogliandro.wabbaster.com\/\",\"name\":\"\",\"description\":\"\",\"publisher\":{\"@id\":\"https:\/\/stefaniacogliandro.wabbaster.com\/#organization\"},\"potentialAction\":[{\"@type\":\"SearchAction\",\"target\":{\"@type\":\"EntryPoint\",\"urlTemplate\":\"https:\/\/stefaniacogliandro.wabbaster.com\/?s={search_term_string}\"},\"query-input\":{\"@type\":\"PropertyValueSpecification\",\"valueRequired\":true,\"valueName\":\"search_term_string\"}}],\"inLanguage\":\"en-GB\"},{\"@type\":\"Organization\",\"@id\":\"https:\/\/stefaniacogliandro.wabbaster.com\/#organization\",\"name\":\"Breaking science\",\"url\":\"https:\/\/stefaniacogliandro.wabbaster.com\/\",\"logo\":{\"@type\":\"ImageObject\",\"inLanguage\":\"en-GB\",\"@id\":\"https:\/\/stefaniacogliandro.wabbaster.com\/#\/schema\/logo\/image\/\",\"url\":\"https:\/\/stefaniacogliandro.wabbaster.com\/wp-content\/uploads\/2020\/05\/cropped-logopiccolo-3.png\",\"contentUrl\":\"https:\/\/stefaniacogliandro.wabbaster.com\/wp-content\/uploads\/2020\/05\/cropped-logopiccolo-3.png\",\"width\":512,\"height\":512,\"caption\":\"Breaking science\"},\"image\":{\"@id\":\"https:\/\/stefaniacogliandro.wabbaster.com\/#\/schema\/logo\/image\/\"},\"sameAs\":[\"https:\/\/www.linkedin.com\/in\/stefaniabenedettacogliandro\",\"https:\/\/youtube.com\/channel\/UCa8EsqQ-5ITw2VS2fSJ4Yzw\"]}]}<\/script>\n<!-- \/ Yoast SEO plugin. -->","yoast_head_json":{"title":"per l'universit\u00e0 -","description":"La realt\u00e0 che ci circonda \u00e8 meravigliosa e strana: sono qui per spiegarla con la scienza, con un linguaggio semplice, diretto e comprensibile a tutti, sen..","robots":{"index":"index","follow":"follow","max-snippet":"max-snippet:-1","max-image-preview":"max-image-preview:large","max-video-preview":"max-video-preview:-1"},"canonical":"https:\/\/stefaniacogliandro.wabbaster.com\/en\/lavori-per-universita\/","og_locale":"en_GB","og_type":"article","og_title":"per l'universit\u00e0 -","og_description":"La realt\u00e0 che ci circonda \u00e8 meravigliosa e strana: sono qui per spiegarla con la scienza, con un linguaggio semplice, diretto e comprensibile a tutti, sen..","og_url":"https:\/\/stefaniacogliandro.wabbaster.com\/en\/lavori-per-universita\/","article_modified_time":"2022-02-24T18:26:42+00:00","og_image":[{"width":640,"height":640,"url":"https:\/\/stefaniacogliandro.wabbaster.com\/wp-content\/uploads\/2020\/07\/photo_2020-07-07_14-10-31.jpg","type":"image\/jpeg"}],"twitter_card":"summary_large_image","twitter_misc":{"Est. reading time":"3 minutes"},"schema":{"@context":"https:\/\/schema.org","@graph":[{"@type":"WebPage","@id":"https:\/\/stefaniacogliandro.wabbaster.com\/lavori-per-universita\/","url":"https:\/\/stefaniacogliandro.wabbaster.com\/lavori-per-universita\/","name":"per l'universit\u00e0 -","isPartOf":{"@id":"https:\/\/stefaniacogliandro.wabbaster.com\/#website"},"primaryImageOfPage":{"@id":"https:\/\/stefaniacogliandro.wabbaster.com\/lavori-per-universita\/#primaryimage"},"image":{"@id":"https:\/\/stefaniacogliandro.wabbaster.com\/lavori-per-universita\/#primaryimage"},"thumbnailUrl":"https:\/\/stefaniacogliandro.wabbaster.com\/wp-content\/uploads\/2020\/07\/photo_2020-07-07_14-10-31.jpg","datePublished":"2020-05-16T11:34:35+00:00","dateModified":"2022-02-24T18:26:42+00:00","description":"La realt\u00e0 che ci circonda \u00e8 meravigliosa e strana: sono qui per spiegarla con la scienza, con un linguaggio semplice, diretto e comprensibile a tutti, sen..","breadcrumb":{"@id":"https:\/\/stefaniacogliandro.wabbaster.com\/lavori-per-universita\/#breadcrumb"},"inLanguage":"en-GB","potentialAction":[{"@type":"ReadAction","target":["https:\/\/stefaniacogliandro.wabbaster.com\/lavori-per-universita\/"]}]},{"@type":"ImageObject","inLanguage":"en-GB","@id":"https:\/\/stefaniacogliandro.wabbaster.com\/lavori-per-universita\/#primaryimage","url":"https:\/\/stefaniacogliandro.wabbaster.com\/wp-content\/uploads\/2020\/07\/photo_2020-07-07_14-10-31.jpg","contentUrl":"https:\/\/stefaniacogliandro.wabbaster.com\/wp-content\/uploads\/2020\/07\/photo_2020-07-07_14-10-31.jpg","width":640,"height":640},{"@type":"BreadcrumbList","@id":"https:\/\/stefaniacogliandro.wabbaster.com\/lavori-per-universita\/#breadcrumb","itemListElement":[{"@type":"ListItem","position":1,"name":"Home","item":"https:\/\/stefaniacogliandro.wabbaster.com\/"},{"@type":"ListItem","position":2,"name":"per l&#8217;universit\u00e0"}]},{"@type":"WebSite","@id":"https:\/\/stefaniacogliandro.wabbaster.com\/#website","url":"https:\/\/stefaniacogliandro.wabbaster.com\/","name":"","description":"","publisher":{"@id":"https:\/\/stefaniacogliandro.wabbaster.com\/#organization"},"potentialAction":[{"@type":"SearchAction","target":{"@type":"EntryPoint","urlTemplate":"https:\/\/stefaniacogliandro.wabbaster.com\/?s={search_term_string}"},"query-input":{"@type":"PropertyValueSpecification","valueRequired":true,"valueName":"search_term_string"}}],"inLanguage":"en-GB"},{"@type":"Organization","@id":"https:\/\/stefaniacogliandro.wabbaster.com\/#organization","name":"Breaking science","url":"https:\/\/stefaniacogliandro.wabbaster.com\/","logo":{"@type":"ImageObject","inLanguage":"en-GB","@id":"https:\/\/stefaniacogliandro.wabbaster.com\/#\/schema\/logo\/image\/","url":"https:\/\/stefaniacogliandro.wabbaster.com\/wp-content\/uploads\/2020\/05\/cropped-logopiccolo-3.png","contentUrl":"https:\/\/stefaniacogliandro.wabbaster.com\/wp-content\/uploads\/2020\/05\/cropped-logopiccolo-3.png","width":512,"height":512,"caption":"Breaking science"},"image":{"@id":"https:\/\/stefaniacogliandro.wabbaster.com\/#\/schema\/logo\/image\/"},"sameAs":["https:\/\/www.linkedin.com\/in\/stefaniabenedettacogliandro","https:\/\/youtube.com\/channel\/UCa8EsqQ-5ITw2VS2fSJ4Yzw"]}]}},"_links":{"self":[{"href":"https:\/\/stefaniacogliandro.wabbaster.com\/en\/wp-json\/wp\/v2\/pages\/635"}],"collection":[{"href":"https:\/\/stefaniacogliandro.wabbaster.com\/en\/wp-json\/wp\/v2\/pages"}],"about":[{"href":"https:\/\/stefaniacogliandro.wabbaster.com\/en\/wp-json\/wp\/v2\/types\/page"}],"author":[{"embeddable":true,"href":"https:\/\/stefaniacogliandro.wabbaster.com\/en\/wp-json\/wp\/v2\/users\/2"}],"replies":[{"embeddable":true,"href":"https:\/\/stefaniacogliandro.wabbaster.com\/en\/wp-json\/wp\/v2\/comments?post=635"}],"version-history":[{"count":3,"href":"https:\/\/stefaniacogliandro.wabbaster.com\/en\/wp-json\/wp\/v2\/pages\/635\/revisions"}],"predecessor-version":[{"id":3601,"href":"https:\/\/stefaniacogliandro.wabbaster.com\/en\/wp-json\/wp\/v2\/pages\/635\/revisions\/3601"}],"wp:featuredmedia":[{"embeddable":true,"href":"https:\/\/stefaniacogliandro.wabbaster.com\/en\/wp-json\/wp\/v2\/media\/2468"}],"wp:attachment":[{"href":"https:\/\/stefaniacogliandro.wabbaster.com\/en\/wp-json\/wp\/v2\/media?parent=635"}],"curies":[{"name":"wp","href":"https:\/\/api.w.org\/{rel}","templated":true}]}}